{"id":104,"date":"2022-09-15T12:41:51","date_gmt":"2022-09-15T12:41:51","guid":{"rendered":"https:\/\/nov-wp.azurewebsites.net\/contact\/"},"modified":"2025-11-17T16:38:16","modified_gmt":"2025-11-17T14:38:16","slug":"contact","status":"publish","type":"page","link":"https:\/\/noventia.fi\/en\/yhteydenotto\/","title":{"rendered":"Yhteydenotto"},"content":{"rendered":"<div data-elementor-type=\"wp-page\" data-elementor-id=\"104\" class=\"elementor elementor-104\" data-elementor-post-type=\"page\">\n\t\t\t\t\t\t<section class=\"elementor-section elementor-top-section elementor-element elementor-element-32d64989 elementor-section-height-min-height elementor-section-items-stretch elementor-section-content-middle elementor-section-boxed elementor-section-height-default\" data-id=\"32d64989\" data-element_type=\"section\" data-e-type=\"section\" data-settings=\"{&quot;background_background&quot;:&quot;classic&quot;}\">\n\t\t\t\t\t\t<div class=\"elementor-container elementor-column-gap-no\">\n\t\t\t\t\t<div class=\"elementor-column elementor-col-100 elementor-top-column elementor-element elementor-element-4392f891\" data-id=\"4392f891\" data-element_type=\"column\" data-e-type=\"column\">\n\t\t\t<div class=\"elementor-widget-wrap elementor-element-populated\">\n\t\t\t\t\t\t<div class=\"elementor-element elementor-element-69904491 elementor-widget elementor-widget-heading\" data-id=\"69904491\" data-element_type=\"widget\" data-e-type=\"widget\" data-widget_type=\"heading.default\">\n\t\t\t\t<div class=\"elementor-widget-container\">\n\t\t\t\t\t<h1 class=\"elementor-heading-title elementor-size-default\">Contact us<\/h1>\t\t\t\t<\/div>\n\t\t\t\t<\/div>\n\t\t\t\t<div class=\"elementor-element elementor-element-16acbb1c elementor-align-center elementor-icon-list--layout-traditional elementor-list-item-link-full_width elementor-widget elementor-widget-icon-list\" data-id=\"16acbb1c\" data-element_type=\"widget\" data-e-type=\"widget\" data-widget_type=\"icon-list.default\">\n\t\t\t\t<div class=\"elementor-widget-container\">\n\t\t\t\t\t\t\t<ul class=\"elementor-icon-list-items\">\n\t\t\t\t\t\t\t<li class=\"elementor-icon-list-item\">\n\t\t\t\t\t\t\t\t\t\t\t<a href=\"tel:+358102390055\">\n\n\t\t\t\t\t\t\t\t\t\t\t<span class=\"elementor-icon-list-text\">+358 1023 90050<\/span>\n\t\t\t\t\t\t\t\t\t\t\t<\/a>\n\t\t\t\t\t\t\t\t\t<\/li>\n\t\t\t\t\t\t\t\t<li class=\"elementor-icon-list-item\">\n\t\t\t\t\t\t\t\t\t\t\t<a href=\"mailto:info@noventia.fi?subject=Yhteydenotto%20verkkosivuilta\">\n\n\t\t\t\t\t\t\t\t\t\t\t<span class=\"elementor-icon-list-text\">info@noventia.fi<\/span>\n\t\t\t\t\t\t\t\t\t\t\t<\/a>\n\t\t\t\t\t\t\t\t\t<\/li>\n\t\t\t\t\t\t<\/ul>\n\t\t\t\t\t\t<\/div>\n\t\t\t\t<\/div>\n\t\t\t\t<div class=\"elementor-element elementor-element-361b07f elementor-widget elementor-widget-text-editor\" data-id=\"361b07f\" data-element_type=\"widget\" data-e-type=\"widget\" data-widget_type=\"text-editor.default\">\n\t\t\t\t<div class=\"elementor-widget-container\">\n\t\t\t\t\t\t\t\t\t<p style=\"text-align: center;\" class=\"translation-block\">Note! Noventia Helpdesk assists in questions regarding using the tools:  <a href=\"mailto:helpdesk@noventia.fi\" target=\"_self\">helpdesk@noventia.fi<\/a><\/p>\t\t\t\t\t\t\t\t<\/div>\n\t\t\t\t<\/div>\n\t\t\t\t\t<\/div>\n\t\t<\/div>\n\t\t\t\t\t<\/div>\n\t\t<\/section>\n\t\t\t\t<section class=\"elementor-section elementor-top-section elementor-element elementor-element-c2241e7 elementor-section-boxed elementor-section-height-default elementor-section-height-default\" data-id=\"c2241e7\" data-element_type=\"section\" data-e-type=\"section\">\n\t\t\t\t\t\t<div class=\"elementor-container elementor-column-gap-default\">\n\t\t\t\t\t<div class=\"elementor-column elementor-col-100 elementor-top-column elementor-element elementor-element-3a5aee3\" data-id=\"3a5aee3\" data-element_type=\"column\" data-e-type=\"column\">\n\t\t\t<div class=\"elementor-widget-wrap elementor-element-populated\">\n\t\t\t\t\t\t<div class=\"elementor-element elementor-element-ce12939 elementor-widget elementor-widget-heading\" data-id=\"ce12939\" data-element_type=\"widget\" data-e-type=\"widget\" id=\"lomake\" data-widget_type=\"heading.default\">\n\t\t\t\t<div class=\"elementor-widget-container\">\n\t\t\t\t\t<h2 class=\"elementor-heading-title elementor-size-default\">Contact form<\/h2>\t\t\t\t<\/div>\n\t\t\t\t<\/div>\n\t\t\t\t<div class=\"elementor-element elementor-element-dba369b elementor-widget elementor-widget-text-editor\" data-id=\"dba369b\" data-element_type=\"widget\" data-e-type=\"widget\" data-widget_type=\"text-editor.default\">\n\t\t\t\t<div class=\"elementor-widget-container\">\n\t\t\t\t\t\t\t\t\t<p style=\"text-align: left;\">Send us a message with the form below, and we will contact you.\u00a0<\/p>\t\t\t\t\t\t\t\t<\/div>\n\t\t\t\t<\/div>\n\t\t\t\t<div class=\"elementor-element elementor-element-f21ac88 elementor-widget elementor-widget-html\" data-id=\"f21ac88\" data-element_type=\"widget\" data-e-type=\"widget\" data-widget_type=\"html.default\">\n\t\t\t\t<div class=\"elementor-widget-container\">\n\t\t\t\t\t<script charset=\"utf-8\" type=\"text\/javascript\" src=\"\/\/js.hsforms.net\/forms\/embed\/v2.js\"><\/script>\n<script>\n  hbspt.forms.create({\n    region: \"na1\",\n    portalId: \"6784748\",\n    formId: \"41a9bbd8-4357-4890-af18-289c121ad8d2\"\n  });\n<\/script>\t\t\t\t<\/div>\n\t\t\t\t<\/div>\n\t\t\t\t<div class=\"elementor-element elementor-element-9ec414c elementor-widget elementor-widget-image\" data-id=\"9ec414c\" data-element_type=\"widget\" data-e-type=\"widget\" data-widget_type=\"image.default\">\n\t\t\t\t<div class=\"elementor-widget-container\">\n\t\t\t\t\t\t\t\t\t\t\t\t\t\t\t<img fetchpriority=\"high\" decoding=\"async\" width=\"2560\" height=\"1322\" src=\"https:\/\/noventia.fi\/wp-content\/uploads\/2022\/10\/17062022-140-narrow-scaled.jpg\" class=\"attachment-full size-full wp-image-900\" alt=\"\" srcset=\"https:\/\/noventia.fi\/wp-content\/uploads\/2022\/10\/17062022-140-narrow-scaled.jpg 2560w, https:\/\/noventia.fi\/wp-content\/uploads\/2022\/10\/17062022-140-narrow-300x155.jpg 300w, https:\/\/noventia.fi\/wp-content\/uploads\/2022\/10\/17062022-140-narrow-1024x529.jpg 1024w, https:\/\/noventia.fi\/wp-content\/uploads\/2022\/10\/17062022-140-narrow-768x397.jpg 768w, https:\/\/noventia.fi\/wp-content\/uploads\/2022\/10\/17062022-140-narrow-1536x793.jpg 1536w, https:\/\/noventia.fi\/wp-content\/uploads\/2022\/10\/17062022-140-narrow-2048x1057.jpg 2048w, https:\/\/noventia.fi\/wp-content\/uploads\/2022\/10\/17062022-140-narrow-18x9.jpg 18w\" sizes=\"(max-width: 2560px) 100vw, 2560px\" \/>\t\t\t\t\t\t\t\t\t\t\t\t\t\t\t<\/div>\n\t\t\t\t<\/div>\n\t\t\t\t\t<\/div>\n\t\t<\/div>\n\t\t\t\t\t<\/div>\n\t\t<\/section>\n\t\t\t\t<section class=\"elementor-section elementor-top-section elementor-element elementor-element-9ea222e elementor-section-boxed elementor-section-height-default elementor-section-height-default\" data-id=\"9ea222e\" data-element_type=\"section\" data-e-type=\"section\">\n\t\t\t\t\t\t<div class=\"elementor-container elementor-column-gap-default\">\n\t\t\t\t\t<div class=\"elementor-column elementor-col-100 elementor-top-column elementor-element elementor-element-2c88caf\" data-id=\"2c88caf\" data-element_type=\"column\" data-e-type=\"column\">\n\t\t\t<div class=\"elementor-widget-wrap\">\n\t\t\t\t\t\t\t<\/div>\n\t\t<\/div>\n\t\t\t\t\t<\/div>\n\t\t<\/section>\n\t\t\t\t<section class=\"elementor-section elementor-top-section elementor-element elementor-element-38e8f0f elementor-section-full_width elementor-section-height-default elementor-section-height-default\" data-id=\"38e8f0f\" data-element_type=\"section\" data-e-type=\"section\">\n\t\t\t\t\t\t<div class=\"elementor-container elementor-column-gap-default\">\n\t\t\t\t\t<div class=\"elementor-column elementor-col-100 elementor-top-column elementor-element elementor-element-b135c82\" data-id=\"b135c82\" data-element_type=\"column\" data-e-type=\"column\">\n\t\t\t<div class=\"elementor-widget-wrap elementor-element-populated\">\n\t\t\t\t\t\t<div class=\"elementor-element elementor-element-111f21b animated-slow elementor-widget__width-inherit elementor-invisible elementor-widget elementor-widget-google_maps\" data-id=\"111f21b\" data-element_type=\"widget\" data-e-type=\"widget\" data-settings=\"{&quot;_animation&quot;:&quot;fadeIn&quot;}\" data-widget_type=\"google_maps.default\">\n\t\t\t\t<div class=\"elementor-widget-container\">\n\t\t\t\t\t\t\t<div class=\"elementor-custom-embed\">\n\t\t\t<iframe loading=\"lazy\"\n\t\t\t\t\tsrc=\"https:\/\/maps.google.com\/maps?q=Maistraatinportti%201%2C%2000240%20Helsinki%2C%20Finland&#038;t=m&#038;z=15&#038;output=embed&#038;iwloc=near\"\n\t\t\t\t\ttitle=\"Maistraatinportti 1, 00240 Helsinki, Finland\"\n\t\t\t\t\taria-label=\"Maistraatinportti 1, 00240 Helsinki, Finland\"\n\t\t\t><\/iframe>\n\t\t<\/div>\n\t\t\t\t\t\t<\/div>\n\t\t\t\t<\/div>\n\t\t\t\t\t<\/div>\n\t\t<\/div>\n\t\t\t\t\t<\/div>\n\t\t<\/section>\n\t\t\t\t<\/div>","protected":false},"excerpt":{"rendered":"<p>Ota yhteytt\u00e4 +358 1023 90050 info@noventia.fi HUOM! Noventian Helpdesk neuvoo ty\u00f6kalujen k\u00e4ytt\u00f6\u00f6n liittyviss\u00e4 kysymyksiss\u00e4 osoitteessa helpdesk@noventia.fi Yhteydenottolomake L\u00e4het\u00e4 meille viesti alla olevalla lomakkeella, niin otamme yhteytt\u00e4.\u00a0<\/p>","protected":false},"author":8,"featured_media":0,"parent":0,"menu_order":0,"comment_status":"closed","ping_status":"closed","template":"","meta":{"_acf_changed":false,"content-type":"","footnotes":""},"class_list":["post-104","page","type-page","status-publish","hentry"],"acf":[],"yoast_head":"<!-- This site is optimized with the Yoast SEO plugin v27.4 - https:\/\/yoast.com\/product\/yoast-seo-wordpress\/ -->\n<title>Yhteydenotto - Noventia Oy<\/title>\n<meta name=\"robots\" content=\"index, follow, max-snippet:-1, max-image-preview:large, max-video-preview:-1\" \/>\n<link rel=\"canonical\" href=\"https:\/\/noventia.fi\/en\/contact\/\" \/>\n<meta property=\"og:locale\" content=\"en_GB\" \/>\n<meta property=\"og:type\" content=\"article\" \/>\n<meta property=\"og:title\" content=\"Yhteydenotto - Noventia Oy\" \/>\n<meta property=\"og:description\" content=\"Ota yhteytt\u00e4 +358 1023 90050 info@noventia.fi HUOM! Noventian Helpdesk neuvoo ty\u00f6kalujen k\u00e4ytt\u00f6\u00f6n liittyviss\u00e4 kysymyksiss\u00e4 osoitteessa helpdesk@noventia.fi Yhteydenottolomake L\u00e4het\u00e4 meille viesti alla olevalla lomakkeella, niin otamme yhteytt\u00e4.\u00a0\" \/>\n<meta property=\"og:url\" content=\"https:\/\/noventia.fi\/en\/contact\/\" \/>\n<meta property=\"og:site_name\" content=\"Noventia Oy\" \/>\n<meta property=\"article:modified_time\" content=\"2025-11-17T14:38:16+00:00\" \/>\n<meta property=\"og:image\" content=\"https:\/\/noventia.fi\/wp-content\/uploads\/2022\/10\/17062022-140-narrow-scaled.jpg\" \/>\n\t<meta property=\"og:image:width\" content=\"2560\" \/>\n\t<meta property=\"og:image:height\" content=\"1322\" \/>\n\t<meta property=\"og:image:type\" content=\"image\/jpeg\" \/>\n<meta name=\"twitter:card\" content=\"summary_large_image\" \/>\n<meta name=\"twitter:label1\" content=\"Est. reading time\" \/>\n\t<meta name=\"twitter:data1\" content=\"1 minute\" \/>\n<script type=\"application\/ld+json\" class=\"yoast-schema-graph\">{\"@context\":\"https:\\\/\\\/schema.org\",\"@graph\":[{\"@type\":\"WebPage\",\"@id\":\"https:\\\/\\\/noventia.fi\\\/yhteydenotto\\\/\",\"url\":\"https:\\\/\\\/noventia.fi\\\/yhteydenotto\\\/\",\"name\":\"Yhteydenotto - Noventia Oy\",\"isPartOf\":{\"@id\":\"https:\\\/\\\/noventia.fi\\\/#website\"},\"primaryImageOfPage\":{\"@id\":\"https:\\\/\\\/noventia.fi\\\/yhteydenotto\\\/#primaryimage\"},\"image\":{\"@id\":\"https:\\\/\\\/noventia.fi\\\/yhteydenotto\\\/#primaryimage\"},\"thumbnailUrl\":\"https:\\\/\\\/noventia.fi\\\/wp-content\\\/uploads\\\/2022\\\/10\\\/17062022-140-narrow-scaled.jpg\",\"datePublished\":\"2022-09-15T12:41:51+00:00\",\"dateModified\":\"2025-11-17T14:38:16+00:00\",\"breadcrumb\":{\"@id\":\"https:\\\/\\\/noventia.fi\\\/yhteydenotto\\\/#breadcrumb\"},\"inLanguage\":\"en-GB\",\"potentialAction\":[{\"@type\":\"ReadAction\",\"target\":[\"https:\\\/\\\/noventia.fi\\\/yhteydenotto\\\/\"]}]},{\"@type\":\"ImageObject\",\"inLanguage\":\"en-GB\",\"@id\":\"https:\\\/\\\/noventia.fi\\\/yhteydenotto\\\/#primaryimage\",\"url\":\"https:\\\/\\\/noventia.fi\\\/wp-content\\\/uploads\\\/2022\\\/10\\\/17062022-140-narrow-scaled.jpg\",\"contentUrl\":\"https:\\\/\\\/noventia.fi\\\/wp-content\\\/uploads\\\/2022\\\/10\\\/17062022-140-narrow-scaled.jpg\"},{\"@type\":\"BreadcrumbList\",\"@id\":\"https:\\\/\\\/noventia.fi\\\/yhteydenotto\\\/#breadcrumb\",\"itemListElement\":[{\"@type\":\"ListItem\",\"position\":1,\"name\":\"Home\",\"item\":\"https:\\\/\\\/noventia.fi\\\/\"},{\"@type\":\"ListItem\",\"position\":2,\"name\":\"Yhteydenotto\"}]},{\"@type\":\"WebSite\",\"@id\":\"https:\\\/\\\/noventia.fi\\\/#website\",\"url\":\"https:\\\/\\\/noventia.fi\\\/\",\"name\":\"Noventia Oy\",\"description\":\"Helpotamme hankinnan hommia.\",\"publisher\":{\"@id\":\"https:\\\/\\\/noventia.fi\\\/#organization\"},\"potentialAction\":[{\"@type\":\"SearchAction\",\"target\":{\"@type\":\"EntryPoint\",\"urlTemplate\":\"https:\\\/\\\/noventia.fi\\\/?s={search_term_string}\"},\"query-input\":{\"@type\":\"PropertyValueSpecification\",\"valueRequired\":true,\"valueName\":\"search_term_string\"}}],\"inLanguage\":\"en-GB\"},{\"@type\":\"Organization\",\"@id\":\"https:\\\/\\\/noventia.fi\\\/#organization\",\"name\":\"Noventia Oy\",\"url\":\"https:\\\/\\\/noventia.fi\\\/\",\"logo\":{\"@type\":\"ImageObject\",\"inLanguage\":\"en-GB\",\"@id\":\"https:\\\/\\\/noventia.fi\\\/#\\\/schema\\\/logo\\\/image\\\/\",\"url\":\"https:\\\/\\\/noventia.fi\\\/wp-content\\\/uploads\\\/2022\\\/09\\\/noventia-logo.png\",\"contentUrl\":\"https:\\\/\\\/noventia.fi\\\/wp-content\\\/uploads\\\/2022\\\/09\\\/noventia-logo.png\",\"width\":629,\"height\":130,\"caption\":\"Noventia Oy\"},\"image\":{\"@id\":\"https:\\\/\\\/noventia.fi\\\/#\\\/schema\\\/logo\\\/image\\\/\"},\"sameAs\":[\"https:\\\/\\\/www.linkedin.com\\\/company\\\/noventia\\\/\"]}]}<\/script>\n<!-- \/ Yoast SEO plugin. -->","yoast_head_json":{"title":"Yhteydenotto - Noventia Oy","robots":{"index":"index","follow":"follow","max-snippet":"max-snippet:-1","max-image-preview":"max-image-preview:large","max-video-preview":"max-video-preview:-1"},"canonical":"https:\/\/noventia.fi\/en\/contact\/","og_locale":"en_GB","og_type":"article","og_title":"Yhteydenotto - Noventia Oy","og_description":"Ota yhteytt\u00e4 +358 1023 90050 info@noventia.fi HUOM! Noventian Helpdesk neuvoo ty\u00f6kalujen k\u00e4ytt\u00f6\u00f6n liittyviss\u00e4 kysymyksiss\u00e4 osoitteessa helpdesk@noventia.fi Yhteydenottolomake L\u00e4het\u00e4 meille viesti alla olevalla lomakkeella, niin otamme yhteytt\u00e4.\u00a0","og_url":"https:\/\/noventia.fi\/en\/contact\/","og_site_name":"Noventia Oy","article_modified_time":"2025-11-17T14:38:16+00:00","og_image":[{"width":2560,"height":1322,"url":"https:\/\/noventia.fi\/wp-content\/uploads\/2022\/10\/17062022-140-narrow-scaled.jpg","type":"image\/jpeg"}],"twitter_card":"summary_large_image","twitter_misc":{"Est. reading time":"1 minute"},"schema":{"@context":"https:\/\/schema.org","@graph":[{"@type":"WebPage","@id":"https:\/\/noventia.fi\/yhteydenotto\/","url":"https:\/\/noventia.fi\/yhteydenotto\/","name":"Yhteydenotto - Noventia Oy","isPartOf":{"@id":"https:\/\/noventia.fi\/#website"},"primaryImageOfPage":{"@id":"https:\/\/noventia.fi\/yhteydenotto\/#primaryimage"},"image":{"@id":"https:\/\/noventia.fi\/yhteydenotto\/#primaryimage"},"thumbnailUrl":"https:\/\/noventia.fi\/wp-content\/uploads\/2022\/10\/17062022-140-narrow-scaled.jpg","datePublished":"2022-09-15T12:41:51+00:00","dateModified":"2025-11-17T14:38:16+00:00","breadcrumb":{"@id":"https:\/\/noventia.fi\/yhteydenotto\/#breadcrumb"},"inLanguage":"en-GB","potentialAction":[{"@type":"ReadAction","target":["https:\/\/noventia.fi\/yhteydenotto\/"]}]},{"@type":"ImageObject","inLanguage":"en-GB","@id":"https:\/\/noventia.fi\/yhteydenotto\/#primaryimage","url":"https:\/\/noventia.fi\/wp-content\/uploads\/2022\/10\/17062022-140-narrow-scaled.jpg","contentUrl":"https:\/\/noventia.fi\/wp-content\/uploads\/2022\/10\/17062022-140-narrow-scaled.jpg"},{"@type":"BreadcrumbList","@id":"https:\/\/noventia.fi\/yhteydenotto\/#breadcrumb","itemListElement":[{"@type":"ListItem","position":1,"name":"Home","item":"https:\/\/noventia.fi\/"},{"@type":"ListItem","position":2,"name":"Yhteydenotto"}]},{"@type":"WebSite","@id":"https:\/\/noventia.fi\/#website","url":"https:\/\/noventia.fi\/","name":"Noventia Oy","description":"Helpotamme hankinnan hommia.","publisher":{"@id":"https:\/\/noventia.fi\/#organization"},"potentialAction":[{"@type":"SearchAction","target":{"@type":"EntryPoint","urlTemplate":"https:\/\/noventia.fi\/?s={search_term_string}"},"query-input":{"@type":"PropertyValueSpecification","valueRequired":true,"valueName":"search_term_string"}}],"inLanguage":"en-GB"},{"@type":"Organization","@id":"https:\/\/noventia.fi\/#organization","name":"Noventia Oy","url":"https:\/\/noventia.fi\/","logo":{"@type":"ImageObject","inLanguage":"en-GB","@id":"https:\/\/noventia.fi\/#\/schema\/logo\/image\/","url":"https:\/\/noventia.fi\/wp-content\/uploads\/2022\/09\/noventia-logo.png","contentUrl":"https:\/\/noventia.fi\/wp-content\/uploads\/2022\/09\/noventia-logo.png","width":629,"height":130,"caption":"Noventia Oy"},"image":{"@id":"https:\/\/noventia.fi\/#\/schema\/logo\/image\/"},"sameAs":["https:\/\/www.linkedin.com\/company\/noventia\/"]}]}},"_links":{"self":[{"href":"https:\/\/noventia.fi\/en\/wp-json\/wp\/v2\/pages\/104","targetHints":{"allow":["GET"]}}],"collection":[{"href":"https:\/\/noventia.fi\/en\/wp-json\/wp\/v2\/pages"}],"about":[{"href":"https:\/\/noventia.fi\/en\/wp-json\/wp\/v2\/types\/page"}],"author":[{"embeddable":true,"href":"https:\/\/noventia.fi\/en\/wp-json\/wp\/v2\/users\/8"}],"replies":[{"embeddable":true,"href":"https:\/\/noventia.fi\/en\/wp-json\/wp\/v2\/comments?post=104"}],"version-history":[{"count":172,"href":"https:\/\/noventia.fi\/en\/wp-json\/wp\/v2\/pages\/104\/revisions"}],"predecessor-version":[{"id":4898,"href":"https:\/\/noventia.fi\/en\/wp-json\/wp\/v2\/pages\/104\/revisions\/4898"}],"wp:attachment":[{"href":"https:\/\/noventia.fi\/en\/wp-json\/wp\/v2\/media?parent=104"}],"curies":[{"name":"wp","href":"https:\/\/api.w.org\/{rel}","templated":true}]}}